{"id":463,"date":"2015-02-11T21:26:59","date_gmt":"2015-02-12T02:26:59","guid":{"rendered":"http:\/\/workshows.com.pe\/web\/?page_id=463"},"modified":"2017-01-25T12:59:28","modified_gmt":"2017-01-25T17:59:28","slug":"booking","status":"publish","type":"page","link":"https:\/\/workshows.com.pe\/web\/booking\/","title":{"rendered":"BOOKING \/ CONTRATACI\u00d3N"},"content":{"rendered":"<h2><strong>JOHNNY SKY<\/strong><\/h2>\n<p><img loading=\"lazy\" decoding=\"async\" class=\"alignnone wp-image-1761\" src=\"http:\/\/workshows.com.pe\/web\/wp-content\/uploads\/2015\/02\/Sin-t\u00edtulo-2.jpg\" alt=\"\" width=\"680\" height=\"274\" srcset=\"https:\/\/workshows.com.pe\/web\/wp-content\/uploads\/2015\/02\/Sin-t\u00edtulo-2.jpg 680w, https:\/\/workshows.com.pe\/web\/wp-content\/uploads\/2015\/02\/Sin-t\u00edtulo-2-300x121.jpg 300w\" sizes=\"auto, (max-width: 680px) 100vw, 680px\" \/><\/p>\n<p>Neoyorquino de padres dominicanos, Johnny Sky form\u00f3 desde los 9 a\u00f1os parte del coro de ni\u00f1os del Metropolitan Opera House de Nueva York, siendo en su momento el \u00fanico latino participante. Luego se integr\u00f3 a La Guardia High School, una escuela especializada en artes, donde se gradu\u00f3 y comenz\u00f3 a experimentar de la \u00f3pera hacia la m\u00fasica pop y tropical. Fue entonces cuando se plante\u00f3 mezclar la cultura de sus padres con la cultura en la que se cri\u00f3 y surgi\u00f3 el estilo que lo vio nacer: la bachata pop.<\/p>\n<p><a href=\"http:\/\/workshows.com.pe\/web\/booking\/johnny-sky\"><img loading=\"lazy\" decoding=\"async\" class=\"alignnone\" src=\"http:\/\/workshows.com.pe\/web\/wp-content\/uploads\/2015\/02\/masinfo.png\" alt=\"\" width=\"110\" height=\"30\" \/><\/a><\/p>\n<p><img loading=\"lazy\" decoding=\"async\" class=\"alignnone wp-image-1342\" src=\"http:\/\/workshows.com.pe\/web\/wp-content\/uploads\/2015\/02\/booking-barra1.png\" alt=\"booking-barra\" width=\"680\" height=\"33\" srcset=\"https:\/\/workshows.com.pe\/web\/wp-content\/uploads\/2015\/02\/booking-barra1.png 680w, https:\/\/workshows.com.pe\/web\/wp-content\/uploads\/2015\/02\/booking-barra1-300x15.png 300w\" sizes=\"auto, (max-width: 680px) 100vw, 680px\" \/><\/p>\n<h2><strong>SEMILLAS REGGAE<\/strong><\/h2>\n<p><a href=\"http:\/\/workshows.com.pe\/web\/wp-content\/uploads\/2015\/02\/Sin-t\u00edtulo-1.jpg\"><img loading=\"lazy\" decoding=\"async\" class=\"alignnone wp-image-1758\" src=\"http:\/\/workshows.com.pe\/web\/wp-content\/uploads\/2015\/02\/Sin-t\u00edtulo-1.jpg\" alt=\"\" width=\"680\" height=\"274\" srcset=\"https:\/\/workshows.com.pe\/web\/wp-content\/uploads\/2015\/02\/Sin-t\u00edtulo-1.jpg 680w, https:\/\/workshows.com.pe\/web\/wp-content\/uploads\/2015\/02\/Sin-t\u00edtulo-1-300x121.jpg 300w\" sizes=\"auto, (max-width: 680px) 100vw, 680px\" \/><\/a><\/p>\n<p>Banda peruana formada a mediados del a\u00f1o 98, y con una musicalizaci\u00f3n de set completo de vientos, la mixtura del sonido roots con el dancehall, pinceladas de folklore peruano y un mensaje acorde a nuestra realidad han hecho que Semillas poco a poco se ganen un lugar en el gusto del publico general, paseando su musica por los principales escenarios lime\u00f1os y del interior del Pais, asi como de lograr sonar en radios de Mexico, Costa Rica, Puerto Rico, Argentina, Venezuela y Alemania.<\/p>\n<p><a href=\"http:\/\/workshows.com.pe\/web\/booking\/semillas-reggae\"><img loading=\"lazy\" decoding=\"async\" class=\"alignnone\" src=\"http:\/\/workshows.com.pe\/web\/wp-content\/uploads\/2015\/02\/masinfo.png\" alt=\"\" width=\"110\" height=\"30\" \/><\/a><\/p>\n<p><img loading=\"lazy\" decoding=\"async\" class=\"alignnone wp-image-1342\" src=\"http:\/\/workshows.com.pe\/web\/wp-content\/uploads\/2015\/02\/booking-barra1.png\" alt=\"booking-barra\" width=\"680\" height=\"33\" srcset=\"https:\/\/workshows.com.pe\/web\/wp-content\/uploads\/2015\/02\/booking-barra1.png 680w, https:\/\/workshows.com.pe\/web\/wp-content\/uploads\/2015\/02\/booking-barra1-300x15.png 300w\" sizes=\"auto, (max-width: 680px) 100vw, 680px\" \/><\/p>\n<h2><strong>CULTURA PROF\u00c9TICA<\/strong><\/h2>\n<p><img loading=\"lazy\" decoding=\"async\" class=\"alignnone wp-image-1338\" src=\"http:\/\/workshows.com.pe\/web\/wp-content\/uploads\/2015\/02\/booking-cultura-profetica.jpg\" alt=\"booking-cultura-profetica\" width=\"680\" height=\"274\" srcset=\"https:\/\/workshows.com.pe\/web\/wp-content\/uploads\/2015\/02\/booking-cultura-profetica.jpg 680w, https:\/\/workshows.com.pe\/web\/wp-content\/uploads\/2015\/02\/booking-cultura-profetica-300x121.jpg 300w\" sizes=\"auto, (max-width: 680px) 100vw, 680px\" \/><\/p>\n<p>Libertad es poseer distintas alternativas para actuar del modo que se prefiera, en el momento que se desee. Por ello la banda puertorrique\u00f1a Cultura Prof\u00e9tica se situa como una de las m\u00e1s libertarias e independientes al mismo tiempo que virtuosas de toda Am\u00e9rica Latina y el Caribe.<\/p>\n<p><a href=\"http:\/\/workshows.com.pe\/web\/booking\/cultura-profetica\"><img loading=\"lazy\" decoding=\"async\" class=\"alignnone\" src=\"http:\/\/workshows.com.pe\/web\/wp-content\/uploads\/2015\/02\/masinfo.png\" alt=\"\" width=\"110\" height=\"30\" \/><\/a><\/p>\n<p><img loading=\"lazy\" decoding=\"async\" class=\"alignnone wp-image-1342\" src=\"http:\/\/workshows.com.pe\/web\/wp-content\/uploads\/2015\/02\/booking-barra1.png\" alt=\"booking-barra\" width=\"680\" height=\"33\" srcset=\"https:\/\/workshows.com.pe\/web\/wp-content\/uploads\/2015\/02\/booking-barra1.png 680w, https:\/\/workshows.com.pe\/web\/wp-content\/uploads\/2015\/02\/booking-barra1-300x15.png 300w\" sizes=\"auto, (max-width: 680px) 100vw, 680px\" \/><\/p>\n<h2><strong>NONPALIDECE<\/strong><\/h2>\n<p><img loading=\"lazy\" decoding=\"async\" class=\"alignnone wp-image-1338\" src=\"http:\/\/workshows.com.pe\/web\/wp-content\/uploads\/2015\/03\/booking-nonpa.jpg\" alt=\"booking-cultura-profetica\" width=\"680\" height=\"274\" \/><\/p>\n<p>A mediados del a\u00f1o \u201896 se forma NONPALIDECE originalmente con N\u00e9stor Ramljak en voz y guitarra, Facundo Cimas en el bajo, Diego Bravo en guitarra y Galo Llorente en bater\u00eda; as\u00ed se funda la idea de experimentar con el reggae otra vez de las fuertes influencias de la escena jamaiquina de la d\u00e9cada del \u201870, con este prop\u00f3sito se van sumando a la banda otros amigos m\u00fasicos.<\/p>\n<p><a href=\"http:\/\/workshows.com.pe\/web\/booking\/nonpalidece\"><img decoding=\"async\" src=\"http:\/\/workshows.com.pe\/web\/wp-content\/uploads\/2015\/02\/masinfo.png\" alt=\"\" \/><\/a><\/p>\n<p><img loading=\"lazy\" decoding=\"async\" class=\"alignnone wp-image-1342\" src=\"http:\/\/workshows.com.pe\/web\/wp-content\/uploads\/2015\/02\/booking-barra1.png\" alt=\"booking-barra\" width=\"680\" height=\"33\" srcset=\"https:\/\/workshows.com.pe\/web\/wp-content\/uploads\/2015\/02\/booking-barra1.png 680w, https:\/\/workshows.com.pe\/web\/wp-content\/uploads\/2015\/02\/booking-barra1-300x15.png 300w\" sizes=\"auto, (max-width: 680px) 100vw, 680px\" \/><br \/>\n<!--\n\n<h2><strong>GAIA<\/strong><\/h2>\n\n\n<img loading=\"lazy\" decoding=\"async\" class=\"alignnone wp-image-1338\" src=\"http:\/\/workshows.com.pe\/web\/wp-content\/uploads\/2015\/03\/booking-gaia.jpg\" alt=\"booking-cultura-profetica\" width=\"680\" height=\"274\" \/>\n\nGAIA se ha presentado ante m\u00e1s de 25,000 personas, ha sido considerada en los top 100 videos y canciones por la prestigiosa revista Rolling Stone y Mtv. Tiene mas de 60,00 descargas de su m\u00fasica a traves de su web y cerca de medio millon de hits en youtube. Tiene 10 a\u00f1os y 4 discos grabados, el \u00faltimo pr\u00f3ximo a lanzarse.\n\n<a href=\"http:\/\/workshows.com.pe\/web\/booking\/gaia\"><img decoding=\"async\" src=\"http:\/\/workshows.com.pe\/web\/wp-content\/uploads\/2015\/02\/masinfo.png\" alt=\"\" \/><\/a>--><\/p>\n","protected":false},"excerpt":{"rendered":"<p>JOHNNY SKY Neoyorquino de padres dominicanos, Johnny Sky form\u00f3 desde los 9 a\u00f1os parte del coro de ni\u00f1os del Metropolitan Opera House de Nueva York, siendo en su momento el \u00fanico latino participante. Luego se integr\u00f3 a La Guardia High School, una escuela especializada en artes, donde se gradu\u00f3 y comenz\u00f3 a experimentar de la [&hellip;]<\/p>\n","protected":false},"author":1,"featured_media":0,"parent":0,"menu_order":2,"comment_status":"closed","ping_status":"closed","template":"","meta":{"ngg_post_thumbnail":0,"footnotes":""},"class_list":["post-463","page","type-page","status-publish","hentry"],"_links":{"self":[{"href":"https:\/\/workshows.com.pe\/web\/wp-json\/wp\/v2\/pages\/463","targetHints":{"allow":["GET"]}}],"collection":[{"href":"https:\/\/workshows.com.pe\/web\/wp-json\/wp\/v2\/pages"}],"about":[{"href":"https:\/\/workshows.com.pe\/web\/wp-json\/wp\/v2\/types\/page"}],"author":[{"embeddable":true,"href":"https:\/\/workshows.com.pe\/web\/wp-json\/wp\/v2\/users\/1"}],"replies":[{"embeddable":true,"href":"https:\/\/workshows.com.pe\/web\/wp-json\/wp\/v2\/comments?post=463"}],"version-history":[{"count":38,"href":"https:\/\/workshows.com.pe\/web\/wp-json\/wp\/v2\/pages\/463\/revisions"}],"predecessor-version":[{"id":3050,"href":"https:\/\/workshows.com.pe\/web\/wp-json\/wp\/v2\/pages\/463\/revisions\/3050"}],"wp:attachment":[{"href":"https:\/\/workshows.com.pe\/web\/wp-json\/wp\/v2\/media?parent=463"}],"curies":[{"name":"wp","href":"https:\/\/api.w.org\/{rel}","templated":true}]}}