{"id":4039,"date":"2019-06-05T15:32:18","date_gmt":"2019-06-05T20:32:18","guid":{"rendered":"http:\/\/workshows.com.pe\/web\/?page_id=4039"},"modified":"2019-06-05T15:32:31","modified_gmt":"2019-06-05T20:32:31","slug":"pimpinela-2019","status":"publish","type":"page","link":"http:\/\/workshows.com.pe\/web\/pimpinela-2019\/","title":{"rendered":"Pimpinela"},"content":{"rendered":"<h2>PIMPINELA LLEGA A LIMA CON SU NUEVA GIRA \u201cTOUR HERMANOS, GRANDES \u00c9XITOS\u201d<\/h2>\n<p>Si algo ha logrado el d\u00fao de hermanos argentinos en sus m\u00e1s de 35 a\u00f1os de carrera, no solo es vender m\u00e1s de 30 millones de \u00e1lbumes sino, la identificaci\u00f3n de sus historias con un p\u00fablico de todas las edades.<\/p>\n<p>El amor, el desamor, la hermandad, la amistad y La Familia, se han visto reflejadas en El Espejo imaginario que los hermanos Gal\u00e1n han puesto frente a multitudes a lo largo de su exitosa trayectoria.<\/p>\n<p>Cl\u00e1sicos de la m\u00fasica Hispanoam\u00e9rica como entre otros, Olv\u00eddame y pega la vuelta, A Esa, Valiente, D\u00edmelo delante de ella, Me hace falta una flor, Por ese hombre, junto con sus temas m\u00e1s \u00edntimos, Hermanos, El amor no se puede olvidar o La Familia, siguen conmoviendo y emocionando al p\u00fablico que volver\u00e1 a vibrar junto a ellos el pr\u00f3ximo <strong>Viernes 21 de Junio en Plaza Arena (ubicado al lado de Tottus del Jockey Plaza)<\/strong><\/p>\n<p>Una nueva propuesta, un nuevo vestuario, nuevas im\u00e1genes y grandes \u00e9xitos, ser\u00e1 la combinaci\u00f3n perfecta para vivir una noche inolvidable junto al d\u00fao de int\u00e9rpretes y compositores de mayor vigencia internacional de todos los tiempos, PIMPINELA.<\/p>\n","protected":false},"excerpt":{"rendered":"<p>PIMPINELA LLEGA A LIMA CON SU NUEVA GIRA \u201cTOUR HERMANOS, GRANDES \u00c9XITOS\u201d Si algo ha logrado el d\u00fao de hermanos argentinos en sus m\u00e1s de 35 a\u00f1os de carrera, no solo es vender m\u00e1s de 30 millones de \u00e1lbumes sino, la identificaci\u00f3n de sus historias con un p\u00fablico de todas las edades. El amor, el [&hellip;]<\/p>\n","protected":false},"author":1,"featured_media":0,"parent":0,"menu_order":0,"comment_status":"open","ping_status":"open","template":"","meta":{"ngg_post_thumbnail":0,"footnotes":""},"class_list":["post-4039","page","type-page","status-publish","hentry"],"_links":{"self":[{"href":"http:\/\/workshows.com.pe\/web\/wp-json\/wp\/v2\/pages\/4039","targetHints":{"allow":["GET"]}}],"collection":[{"href":"http:\/\/workshows.com.pe\/web\/wp-json\/wp\/v2\/pages"}],"about":[{"href":"http:\/\/workshows.com.pe\/web\/wp-json\/wp\/v2\/types\/page"}],"author":[{"embeddable":true,"href":"http:\/\/workshows.com.pe\/web\/wp-json\/wp\/v2\/users\/1"}],"replies":[{"embeddable":true,"href":"http:\/\/workshows.com.pe\/web\/wp-json\/wp\/v2\/comments?post=4039"}],"version-history":[{"count":2,"href":"http:\/\/workshows.com.pe\/web\/wp-json\/wp\/v2\/pages\/4039\/revisions"}],"predecessor-version":[{"id":4041,"href":"http:\/\/workshows.com.pe\/web\/wp-json\/wp\/v2\/pages\/4039\/revisions\/4041"}],"wp:attachment":[{"href":"http:\/\/workshows.com.pe\/web\/wp-json\/wp\/v2\/media?parent=4039"}],"curies":[{"name":"wp","href":"https:\/\/api.w.org\/{rel}","templated":true}]}}