{"id":3942,"date":"2019-02-27T06:00:33","date_gmt":"2019-02-27T11:00:33","guid":{"rendered":"http:\/\/workshows.com.pe\/web\/?page_id=3942"},"modified":"2019-02-27T06:00:58","modified_gmt":"2019-02-27T11:00:58","slug":"ziggy-marley-protoje-temple-sour","status":"publish","type":"page","link":"http:\/\/workshows.com.pe\/web\/ziggy-marley-protoje-temple-sour\/","title":{"rendered":"Ziggy Marley &#8211; Protoje &#8211; Temple Sour"},"content":{"rendered":"<p><img decoding=\"async\" class=\"alignnone size-full wp-image-1338\" src=\"http:\/\/workshows.com.pe\/web\/wp-content\/uploads\/2019\/02\/ZIGGY-MARLEY_PROTOJE_TEMPLE-SOUR.jpg\" alt=\"\" width=\"680\" \/><\/p>\n<p><strong>ZIGGY MARLEY EN REGGAE SESSIONS FESTIVAL 2019<\/strong><\/p>\n<p>\u201cReggae Sessions\u201d la marca m\u00e1s importante de conciertos de reggae del pa\u00eds, regresa este 03 de abril con su espectacular \u201cReggae Sessions Festival 2019\u201d con reconocidos invitados. El show contar\u00e1 con grandes exponentes internacionales y nacionales del g\u00e9nero, manteni\u00e9ndose como la mejor propuesta de Festivales de Reggae en el Per\u00fa.<\/p>\n<p>Desde Jamaica llega a Lima una de las m\u00e1s grandes leyendas del g\u00e9nero en el mundo, \u201cZiggy Marley\u201d cuenta con una trayectoria de m\u00e1s de 30 a\u00f1os y tiene m\u00e1s de 07 discos en su carrera como solista. El ganador de ocho premios Grammy a Mejor \u00c1lbum de Reggae e hijo mayor del \u00edcono musical, Bob Marley; cantar\u00e1 hits como \u201cLove is my religion\u201d, \u201cFly Rasta\u201d, \u201cRebellion Rises\u201d, entre otros. Actualmente tiene una carrera consolidada y es influencia de grandes bandas de reggae posteriores.<\/p>\n<p>El jamaiquino Oje Ken Olivierre, conocido en la industria musical como \u2018Protoje\u2019 es el segundo artista internacional que se suma al \u2018Reggae Sessions Festival 2019\u2019. El cantante y compositor forma parte de la nueva generaci\u00f3n de artistas que defienden la tradici\u00f3n del reggae y cantar\u00e1 todos los hits de sus \u00e1lbumes anteriores adem\u00e1s de sus m\u00e1s recientes producciones como \u201cBlood Money\u201d, \u201cTruths &amp; Rights\u201d, \u201cBout noon\u201d y \u201cNo Guarantee\u201d featuring Chronixx.<\/p>\n<p>Fundada en Lima en el a\u00f1o 2014, Temple Sour se caracteriza por un sonido \u00fanico que fusiona el reggae con sonidos de rock y m\u00fasica peruana. Al a\u00f1o siguiente sacaron su primera canci\u00f3n \u2018I can see the sun\u2019 que tuvo gran acogida por parte del p\u00fablico, y posteriormente un EP titulado \u201cTemple Sour EP\u201d (2016). La banda peruana cantar\u00e1 \u00e9xitos como \u2018As\u00ed se siente\u2019, \u2018Verte as\u00ed\u2019, \u2018Chibola manyada\u2019, entre otras.<\/p>\n","protected":false},"excerpt":{"rendered":"<p>ZIGGY MARLEY EN REGGAE SESSIONS FESTIVAL 2019 \u201cReggae Sessions\u201d la marca m\u00e1s importante de conciertos de reggae del pa\u00eds, regresa este 03 de abril con su espectacular \u201cReggae Sessions Festival 2019\u201d con reconocidos invitados. El show contar\u00e1 con grandes exponentes internacionales y nacionales del g\u00e9nero, manteni\u00e9ndose como la mejor propuesta de Festivales de Reggae en [&hellip;]<\/p>\n","protected":false},"author":1,"featured_media":0,"parent":0,"menu_order":0,"comment_status":"open","ping_status":"open","template":"","meta":{"ngg_post_thumbnail":0,"footnotes":""},"class_list":["post-3942","page","type-page","status-publish","hentry"],"_links":{"self":[{"href":"http:\/\/workshows.com.pe\/web\/wp-json\/wp\/v2\/pages\/3942","targetHints":{"allow":["GET"]}}],"collection":[{"href":"http:\/\/workshows.com.pe\/web\/wp-json\/wp\/v2\/pages"}],"about":[{"href":"http:\/\/workshows.com.pe\/web\/wp-json\/wp\/v2\/types\/page"}],"author":[{"embeddable":true,"href":"http:\/\/workshows.com.pe\/web\/wp-json\/wp\/v2\/users\/1"}],"replies":[{"embeddable":true,"href":"http:\/\/workshows.com.pe\/web\/wp-json\/wp\/v2\/comments?post=3942"}],"version-history":[{"count":2,"href":"http:\/\/workshows.com.pe\/web\/wp-json\/wp\/v2\/pages\/3942\/revisions"}],"predecessor-version":[{"id":3944,"href":"http:\/\/workshows.com.pe\/web\/wp-json\/wp\/v2\/pages\/3942\/revisions\/3944"}],"wp:attachment":[{"href":"http:\/\/workshows.com.pe\/web\/wp-json\/wp\/v2\/media?parent=3942"}],"curies":[{"name":"wp","href":"https:\/\/api.w.org\/{rel}","templated":true}]}}