{"id":3940,"date":"2018-11-24T05:57:48","date_gmt":"2018-11-24T10:57:48","guid":{"rendered":"http:\/\/workshows.com.pe\/web\/?page_id=3940"},"modified":"2019-02-27T05:59:01","modified_gmt":"2019-02-27T10:59:01","slug":"paw-patrol-2018","status":"publish","type":"page","link":"http:\/\/workshows.com.pe\/web\/paw-patrol-2018\/","title":{"rendered":"Paw Patrol"},"content":{"rendered":"<p><img decoding=\"async\" class=\"alignnone size-full wp-image-1338\" src=\"http:\/\/workshows.com.pe\/web\/wp-content\/uploads\/2019\/02\/PAW_PATROL.jpg\" alt=\"\" width=\"680\" \/><\/p>\n<p>Los famosos personajes de la serie\u00a0Paw Patrol; \u201cMarshal\u201d, \u201cChase\u201d, \u201cSkye\u201d y \u201cRyder\u201d, as\u00ed como \u201cZuma y \u201cRocky\u201d,\u00a0llegan a Lima con el espect\u00e1culo familiar licenciado por Nickelodeon\u00a0<strong>\u00a1Carrera al rescate!<\/strong><strong>. <\/strong>El programa #1 de la TV infantil \u201cPaw Patrol\u201d viene \u00a0lleno de grandes sorpresas.<\/p>\n<p><strong>Paw Patrol \u00a1Carrera Al Rescate!\u201d en Vivo<\/strong>, es una aventura musical donde se presentar\u00e1n m\u00e1s de 12 personajes basados en la serie animada de\u00a0Nick Jr.\u00a0y\u00a0Spin Master Entertainment, la cual se transmite de lunes a viernes por el canal\u00a0Nickelodeon Latinoam\u00e9rica.<\/p>\n<p>Luego del \u00e9xito obtenido en sus giras de Estados Unidos, Canad\u00e1 y Latinoam\u00e9rica, se presentar\u00e1n en Lima en el Auditorio del Pentagonito, el d\u00eda s\u00e1bado 24 de noviembre. <strong>\u201cPaw Patrol, \u00a1Carrera Al Rescate!\u201d<\/strong>. Este show se ha convertido indudablemente, en tan solo unos cuantos meses, \u00a1en un fen\u00f3meno global!<\/p>\n<p><strong>\u201cPaw Patrol, \u00a1Carrera al rescate! <\/strong>es una producci\u00f3n de alta calidad, que adem\u00e1s de cautivar a los peque\u00f1os, est\u00e1 pensado para generar la participaci\u00f3n de los padres\u201d. Los ni\u00f1os ver\u00e1n en acci\u00f3n a estos famosos personajes, lo que ser\u00e1 toda una aventura, que combina lo mejor del teatro con elementos tecnol\u00f3gicos como una pantalla gigante, que transportar\u00e1\u00a0visualmente a las familias a los lugares m\u00e1s reconocidos de la caricatura, tales como: Bah\u00eda Aventura, El Mirador, Isla de Focas, la Granja de Yumi y la Monta\u00f1a de Jake. \u00a0Una vez que el p\u00fablico ingrese, tendr\u00e1n la oportunidad de participar en esta aventura y convertirse en miembros de la patrulla canina para animarlos a cumplir su misi\u00f3n.<\/p>\n<p>El espect\u00e1culo es una puesta en escena con mucha acci\u00f3n y m\u00fasica, centrado en el d\u00eda de la Gran Carrera, donde competir\u00e1 la\u00a0Alcaldesa Goodway de Bah\u00eda Aventura\u00a0contra el Alcalde Humdinger de Foggy Bottom. Sin embargo, un incidente inesperado los llevar\u00e1\u00a0a tomar el lugar de la\u00a0Alcadesa, para provocar una aventura muy divertida e inolvidable.<\/p>\n","protected":false},"excerpt":{"rendered":"<p>Los famosos personajes de la serie\u00a0Paw Patrol; \u201cMarshal\u201d, \u201cChase\u201d, \u201cSkye\u201d y \u201cRyder\u201d, as\u00ed como \u201cZuma y \u201cRocky\u201d,\u00a0llegan a Lima con el espect\u00e1culo familiar licenciado por Nickelodeon\u00a0\u00a1Carrera al rescate!. El programa #1 de la TV infantil \u201cPaw Patrol\u201d viene \u00a0lleno de grandes sorpresas. Paw Patrol \u00a1Carrera Al Rescate!\u201d en Vivo, es una aventura musical donde se [&hellip;]<\/p>\n","protected":false},"author":1,"featured_media":0,"parent":0,"menu_order":0,"comment_status":"open","ping_status":"open","template":"","meta":{"ngg_post_thumbnail":0,"footnotes":""},"class_list":["post-3940","page","type-page","status-publish","hentry"],"_links":{"self":[{"href":"http:\/\/workshows.com.pe\/web\/wp-json\/wp\/v2\/pages\/3940","targetHints":{"allow":["GET"]}}],"collection":[{"href":"http:\/\/workshows.com.pe\/web\/wp-json\/wp\/v2\/pages"}],"about":[{"href":"http:\/\/workshows.com.pe\/web\/wp-json\/wp\/v2\/types\/page"}],"author":[{"embeddable":true,"href":"http:\/\/workshows.com.pe\/web\/wp-json\/wp\/v2\/users\/1"}],"replies":[{"embeddable":true,"href":"http:\/\/workshows.com.pe\/web\/wp-json\/wp\/v2\/comments?post=3940"}],"version-history":[{"count":1,"href":"http:\/\/workshows.com.pe\/web\/wp-json\/wp\/v2\/pages\/3940\/revisions"}],"predecessor-version":[{"id":3941,"href":"http:\/\/workshows.com.pe\/web\/wp-json\/wp\/v2\/pages\/3940\/revisions\/3941"}],"wp:attachment":[{"href":"http:\/\/workshows.com.pe\/web\/wp-json\/wp\/v2\/media?parent=3940"}],"curies":[{"name":"wp","href":"https:\/\/api.w.org\/{rel}","templated":true}]}}