{"id":3934,"date":"2018-10-18T05:53:20","date_gmt":"2018-10-18T10:53:20","guid":{"rendered":"http:\/\/workshows.com.pe\/web\/?page_id=3934"},"modified":"2019-02-27T05:53:47","modified_gmt":"2019-02-27T10:53:47","slug":"rawayana-temple-sour","status":"publish","type":"page","link":"http:\/\/workshows.com.pe\/web\/rawayana-temple-sour\/","title":{"rendered":"Rawayana &#8211; Temple Sour"},"content":{"rendered":"<p><img decoding=\"async\" class=\"alignnone size-full wp-image-1338\" src=\"http:\/\/workshows.com.pe\/web\/wp-content\/uploads\/2019\/02\/RAWAYANA_.jpg\" alt=\"\" width=\"680\" \/><\/p>\n<p><strong>\u201cReggae Sessions\u201d regres\u00f3 este 2018 con el exitoso grupo venezolano Rawayana y la banda peruana Temple Sour. Ellos se presentaron el 18 de octubre en el C.C. Barranco Arena.<\/strong><\/p>\n<p>\u201cRawayana\u201d lleg\u00f3 a nuestro pa\u00eds presentando su nuevo sencillo promocional \u2018Palmera del Desierto\u2019 extra\u00eddo de su tercer \u00e1lbum de estudio Trippy Caribbean, disco que busca rescatar algunos de los ritmos festivos tradicionales del caribe y que les consigui\u00f3 una nominaci\u00f3n a los Latin Grammy 2017. En esta ocasi\u00f3n, es el calipso que sirve de veh\u00edculo para transportarnos a una serenata de met\u00e1foras que con un tono de picard\u00eda busca convencer a esa persona especial.<\/p>\n<p>La banda venezolana actualmente se encuentra en la etapa de cierre del Trippy Caribbean World Tour, gira con la cual visitaron cerca de 40 ciudades en el continente americano y Europa, para luego poder dedicarse a producir material in\u00e9dito para una cuarta placa discogr\u00e1fica.<\/p>\n<p>\u201cTemple Sour\u201d se caracteriza por un sonido \u00fanico que fusiona el reggae con sonidos de rock y m\u00fasica peruana. A inicios del 2018 lanzaron su primer \u00e1lbum \u201cPasajeros\u201d que contiene 10 canciones y se presentaron con sus \u00e9xitos como \u2018As\u00ed se siente\u2019, \u2018Chibola manyada\u2019, entre otras.<\/p>\n<p>Uno de los mejores momentos lleg\u00f3 con las colaboraciones especiales de Temple Sour y Rawayana con el tema \u2018Sin Ti\u2019. Adem\u00e1s de la aparici\u00f3n de la solista peruana Gala Brie que interpret\u00f3 \u2018Mamita\u2019 junto al vocalista de Rawayana.<\/p>\n<p>&nbsp;<\/p>\n","protected":false},"excerpt":{"rendered":"<p>\u201cReggae Sessions\u201d regres\u00f3 este 2018 con el exitoso grupo venezolano Rawayana y la banda peruana Temple Sour. Ellos se presentaron el 18 de octubre en el C.C. Barranco Arena. \u201cRawayana\u201d lleg\u00f3 a nuestro pa\u00eds presentando su nuevo sencillo promocional \u2018Palmera del Desierto\u2019 extra\u00eddo de su tercer \u00e1lbum de estudio Trippy Caribbean, disco que busca rescatar [&hellip;]<\/p>\n","protected":false},"author":1,"featured_media":0,"parent":0,"menu_order":0,"comment_status":"open","ping_status":"open","template":"","meta":{"ngg_post_thumbnail":0,"footnotes":""},"class_list":["post-3934","page","type-page","status-publish","hentry"],"_links":{"self":[{"href":"http:\/\/workshows.com.pe\/web\/wp-json\/wp\/v2\/pages\/3934","targetHints":{"allow":["GET"]}}],"collection":[{"href":"http:\/\/workshows.com.pe\/web\/wp-json\/wp\/v2\/pages"}],"about":[{"href":"http:\/\/workshows.com.pe\/web\/wp-json\/wp\/v2\/types\/page"}],"author":[{"embeddable":true,"href":"http:\/\/workshows.com.pe\/web\/wp-json\/wp\/v2\/users\/1"}],"replies":[{"embeddable":true,"href":"http:\/\/workshows.com.pe\/web\/wp-json\/wp\/v2\/comments?post=3934"}],"version-history":[{"count":2,"href":"http:\/\/workshows.com.pe\/web\/wp-json\/wp\/v2\/pages\/3934\/revisions"}],"predecessor-version":[{"id":3936,"href":"http:\/\/workshows.com.pe\/web\/wp-json\/wp\/v2\/pages\/3934\/revisions\/3936"}],"wp:attachment":[{"href":"http:\/\/workshows.com.pe\/web\/wp-json\/wp\/v2\/media?parent=3934"}],"curies":[{"name":"wp","href":"https:\/\/api.w.org\/{rel}","templated":true}]}}