{"id":3582,"date":"2017-11-15T15:29:43","date_gmt":"2017-11-15T20:29:43","guid":{"rendered":"http:\/\/workshows.com.pe\/web\/?page_id=3582"},"modified":"2017-11-15T15:29:43","modified_gmt":"2017-11-15T20:29:43","slug":"capitan-topa","status":"publish","type":"page","link":"http:\/\/workshows.com.pe\/web\/capitan-topa\/","title":{"rendered":"CAPIT\u00c1N TOPA"},"content":{"rendered":"<p>El Capit\u00e1n Topa y su tripulaci\u00f3n viajaron desde la pantalla de Disney Junior y ya se encuentran listos para presentar un nuevo espect\u00e1culo en vivo que los llevar\u00e1 a un destino inesperado, donde se divertir\u00e1n, cantar\u00e1n y bailar\u00e1n con los espectadores nuevas canciones. <\/p>\n<p>La nueva propuesta incluye una renovada puesta en escena con los ya cl\u00e1sicos de Disney Junior Express (como Me muevo para aqu\u00ed y Lo que llevas en tu coraz\u00f3n) y un renovado repertorio de canciones que estar\u00e1n incluidas en el nuevo \u00e1lbum de m\u00fasica que Walt Disney Records lanzar\u00e1 muy pronto.<\/p>\n<p>El Capit\u00e1n Topa junto a Rulo Rolando, Rulo Ricardo, Carlos, Harmony, Josefina y el gran cocinero Arnoldo est\u00e1n listos para una nueva aventura: explorar una isla m\u00e1gica en busca del \u201c\u00c1rbol Abuelo\u201d, un \u00e1rbol de leyenda del cual cada cien a\u00f1os nace una flor multicolor, y es el sue\u00f1o del Capit\u00e1n Topa presenciar ese momento con sus amigos.<\/p>\n<p>Llegar hasta ah\u00ed se convertir\u00e1 en una divertida andanza llena de m\u00fasica, baile y mucha diversi\u00f3n. Pero\u2026 \u00bfpodr\u00e1n encontrar al misterioso \u201c\u00c1rbol Abuelo\u201d y ver nacer la flor multicolor?<\/p>\n<p>El Capit\u00e1n Topa y la tripulaci\u00f3n del Junior Express invitan a grandes y a chicos a descubrirlo juntos en este nuevo show en vivo. \u00a1A la b\u00fasqueda del \u201c\u00c1rbol Abuelo\u201d!<\/p>\n<p>La direcci\u00f3n del espect\u00e1culo est\u00e1 a cargo de Osqui Guzm\u00e1n, las coreograf\u00edas de Gustavo Carrizo asociado con Nina Iraolagoit\u00eda, la direcci\u00f3n art\u00edstica de Santiago \u201cTato\u201d Fern\u00e1ndez y Natalia del Castillo y la producci\u00f3n general es de T Realizaciones y Buena Vista International, Inc.<\/p>\n<p>La cita es el s\u00e1bado 25 de noviembre a las 7:00 pm en el Anfiteatro del Parque de la Exposici\u00f3n.<\/p>\n","protected":false},"excerpt":{"rendered":"<p>El Capit\u00e1n Topa y su tripulaci\u00f3n viajaron desde la pantalla de Disney Junior y ya se encuentran listos para presentar un nuevo espect\u00e1culo en vivo que los llevar\u00e1 a un destino inesperado, donde se divertir\u00e1n, cantar\u00e1n y bailar\u00e1n con los espectadores nuevas canciones. La nueva propuesta incluye una renovada puesta en escena con los ya [&hellip;]<\/p>\n","protected":false},"author":1,"featured_media":3576,"parent":0,"menu_order":0,"comment_status":"open","ping_status":"open","template":"","meta":{"ngg_post_thumbnail":0,"footnotes":""},"class_list":["post-3582","page","type-page","status-publish","has-post-thumbnail","hentry"],"_links":{"self":[{"href":"http:\/\/workshows.com.pe\/web\/wp-json\/wp\/v2\/pages\/3582","targetHints":{"allow":["GET"]}}],"collection":[{"href":"http:\/\/workshows.com.pe\/web\/wp-json\/wp\/v2\/pages"}],"about":[{"href":"http:\/\/workshows.com.pe\/web\/wp-json\/wp\/v2\/types\/page"}],"author":[{"embeddable":true,"href":"http:\/\/workshows.com.pe\/web\/wp-json\/wp\/v2\/users\/1"}],"replies":[{"embeddable":true,"href":"http:\/\/workshows.com.pe\/web\/wp-json\/wp\/v2\/comments?post=3582"}],"version-history":[{"count":1,"href":"http:\/\/workshows.com.pe\/web\/wp-json\/wp\/v2\/pages\/3582\/revisions"}],"predecessor-version":[{"id":3583,"href":"http:\/\/workshows.com.pe\/web\/wp-json\/wp\/v2\/pages\/3582\/revisions\/3583"}],"wp:featuredmedia":[{"embeddable":true,"href":"http:\/\/workshows.com.pe\/web\/wp-json\/wp\/v2\/media\/3576"}],"wp:attachment":[{"href":"http:\/\/workshows.com.pe\/web\/wp-json\/wp\/v2\/media?parent=3582"}],"curies":[{"name":"wp","href":"https:\/\/api.w.org\/{rel}","templated":true}]}}