{"id":3291,"date":"2017-08-25T14:58:15","date_gmt":"2017-08-25T19:58:15","guid":{"rendered":"http:\/\/workshows.com.pe\/web\/?page_id=3291"},"modified":"2017-08-25T14:58:15","modified_gmt":"2017-08-25T19:58:15","slug":"kard","status":"publish","type":"page","link":"http:\/\/workshows.com.pe\/web\/kard\/","title":{"rendered":"KARD"},"content":{"rendered":"<p><img decoding=\"async\" src=\"http:\/\/workshows.com.pe\/web\/wp-content\/uploads\/2016\/10\/PRENSA_-BAJA-Medium.png\" width=\"490\" class=\"alignnone size-full wp-image-1338\"\/><\/p>\n<p>* COMO PARTE DE SU TOUR \u00abWILD KARD 2017 THE 1ST TOUR IN SOUTH AMERICA PT.2\u00bb el cuarteto coreano KARD llegar\u00e1 a Per\u00fa por primera vez para confirmar el \u00e9xito del KPOP en el pa\u00eds.<br \/>\n*Viernes 6 de octubre de 2017 &#8211; Jockey Club &#8211; Lima<br \/>\n*Entradas a la venta en Teleticket.<\/p>\n<p>El g\u00e9nero KPOP en nuestro pa\u00eds tiene cientos de seguidores, as\u00ed lo han confirmado shows que bajo estas caracter\u00edsticas han sido \u00e9xito total. Este a\u00f1o nos tocar\u00e1 recibir a K.A.R.D, banda que inici\u00f3 su carrera en 2016 con el single \u00abOh Na Na\u00bb y es la apuesta m\u00e1s reciente de DSP Media, sello surcoreano responsable de agrupaciones como Sechs Kies, Fin.K.L, SS501 y KARA. El grupo est\u00e1 formado por dos mujeres, Jeon Somin y Jeon Jiwoo, y dos hombres, BM y J.seph. Con videos musicales que suman m\u00e1s de 20 millones de visualizaciones en Youtube, el grupo se ha transformado en una gran revelaci\u00f3n, conquistando al p\u00fablico latinoamericano con un sonido bailable y un concepto \u00fanico en el KPOP, destac\u00e1ndolos como uno de los nombres m\u00e1s promisorios de la nueva generaci\u00f3n de bandas ligadas a este estilo. En abril el grupo lanz\u00f3 su tercer single, \u00abRumor\u00bb y puede ser visto en<\/p>\n<p><iframe loading=\"lazy\" width=\"600\" height=\"350\" src=\"https:\/\/www.youtube.com\/embed?v=hJ43--ds4eg\" frameborder=\"0\" allowfullscreen><\/iframe><\/p>\n<p>El 30 de junio a la medianoche, K.A.R.D revel\u00f3 una nueva imagen teaser con su logo a trav\u00e9s de su Twitter oficial. El post tambi\u00e9n incluye el hashtag #debut y una fecha, indicando que el grupo tendra su gran esperado debut el 19 de julio.<\/p>\n<p>El 7 de julio a la medianoche KST, K.A.R.D lanz\u00f3 la lista de temas para su mini \u00e1lbum \u201cHola Hola\u201d. El mini \u00e1lbum contar\u00e1 con los tres sencillos de proyecto previos del grupo (\u201cOh NaNa\u201d, \u201cDon\u2019t Recall\u201d y \u201cRumor\u201d), su pista t\u00edtulo \u201cHola Hola\u201d y las canciones \u201cI Don\u2019t Stop\u201d, y \u201cLiving Good (Special Thanks To)\u201d.<\/p>\n<p>El 11 de julio a la medianoche, el grupo revel\u00f3 un video teaser para su muy esperado video musical titulado Hola Hola, el breve video muestra un ambiente de verano con los integrantes paseando por diferentes localizaciones en los Angeles y se muestra un previo de la canci\u00f3n \u00abHola Hola\u00bb.<\/p>\n<p> El pasado 19 de julio lanzaron \u00abHola Hola\u00bb, el sencillo que confirm\u00f3 el \u00e9xito de la banda despu\u00e9s de \u00abOh Nana\u00bb, \u00abDon`t Recall\u00bb y \u00abRumor\u00bb. Al mismo tiempo fue lanzado un mini \u00e1lbum con los tres primeros singles, adem\u00e1s de la nueva canci\u00f3n y dos in\u00e9ditas.<\/p>\n<p>Este 6 de Octubre Lima volver\u00e1 a sentir la fiebre de KPOP con una de las bandas revelaci\u00f3n del g\u00e9nero, K.A.R.D. por primera vez en Lima.<\/p>\n","protected":false},"excerpt":{"rendered":"<p>* COMO PARTE DE SU TOUR \u00abWILD KARD 2017 THE 1ST TOUR IN SOUTH AMERICA PT.2\u00bb el cuarteto coreano KARD llegar\u00e1 a Per\u00fa por primera vez para confirmar el \u00e9xito del KPOP en el pa\u00eds. *Viernes 6 de octubre de 2017 &#8211; Jockey Club &#8211; Lima *Entradas a la venta en Teleticket. El g\u00e9nero KPOP [&hellip;]<\/p>\n","protected":false},"author":1,"featured_media":0,"parent":0,"menu_order":0,"comment_status":"open","ping_status":"open","template":"","meta":{"ngg_post_thumbnail":0,"footnotes":""},"class_list":["post-3291","page","type-page","status-publish","hentry"],"_links":{"self":[{"href":"http:\/\/workshows.com.pe\/web\/wp-json\/wp\/v2\/pages\/3291","targetHints":{"allow":["GET"]}}],"collection":[{"href":"http:\/\/workshows.com.pe\/web\/wp-json\/wp\/v2\/pages"}],"about":[{"href":"http:\/\/workshows.com.pe\/web\/wp-json\/wp\/v2\/types\/page"}],"author":[{"embeddable":true,"href":"http:\/\/workshows.com.pe\/web\/wp-json\/wp\/v2\/users\/1"}],"replies":[{"embeddable":true,"href":"http:\/\/workshows.com.pe\/web\/wp-json\/wp\/v2\/comments?post=3291"}],"version-history":[{"count":1,"href":"http:\/\/workshows.com.pe\/web\/wp-json\/wp\/v2\/pages\/3291\/revisions"}],"predecessor-version":[{"id":3292,"href":"http:\/\/workshows.com.pe\/web\/wp-json\/wp\/v2\/pages\/3291\/revisions\/3292"}],"wp:attachment":[{"href":"http:\/\/workshows.com.pe\/web\/wp-json\/wp\/v2\/media?parent=3291"}],"curies":[{"name":"wp","href":"https:\/\/api.w.org\/{rel}","templated":true}]}}