{"id":3048,"date":"2017-01-25T12:59:02","date_gmt":"2017-01-25T17:59:02","guid":{"rendered":"http:\/\/workshows.com.pe\/web\/?page_id=3048"},"modified":"2017-01-25T13:47:17","modified_gmt":"2017-01-25T18:47:17","slug":"johnny-sky","status":"publish","type":"page","link":"http:\/\/workshows.com.pe\/web\/booking\/johnny-sky\/","title":{"rendered":"Johnny Sky"},"content":{"rendered":"<p><img loading=\"lazy\" decoding=\"async\" src=\"http:\/\/workshows.com.pe\/web\/wp-content\/uploads\/2015\/02\/Sin-t%C3%ADtulo-2.jpg\" alt=\"booking-Johnny-sky\" width=\"680\" height=\"274\" class=\"alignnone size-full\" \/><\/p>\n<p>Johnny Sky es un artista completo. Con tan solo 20 a\u00f1os, sus grandes cualidades vocales y su versatilidad art\u00edstico-musical han llamado la atenci\u00f3n de expertos, instituciones acad\u00e9micas especializadas y conocedores del mundo discogr\u00e1fico.<\/p>\n<p>Su pasi\u00f3n por la m\u00fasica se puso en evidencia desde muy peque\u00f1o, algo que sus padres, familiares y personas a su alrededor notaron y no dudaron en aconsejarle encamin\u00e1ndolo por el mundo del entretenimiento con clases de canto, piano y asignaturas te\u00f3ricas musicales.<\/p>\n<p>\u00abSiempre me dec\u00edan que ten\u00eda buen o\u00eddo para la m\u00fasica y por eso me buscaron una maestra, que al principio no pod\u00edamos pagar, pero finalmente decidi\u00f3 ayudarnos\u00bb, record\u00f3 el artista. La magia de Johnny Sky no solo ha llamado la atenci\u00f3n de sus seres queridos. Ha tenido la oportunidad de compartir con famosas figuras de la industria, como el mundialmente reconocido tenor Pl\u00e1cido Domingo, quien ha contribuido a su crecimiento en el arte.<\/p>\n<p>\u00abAprend\u00ed mucho de este gran artista. Me ense\u00f1\u00f3 a adue\u00f1arme por completo del escenario, porque no solo es interpretar una canci\u00f3n, es transmitirle la energ\u00eda al p\u00fablico, cantar y entregar lo mejor de ti\u00bb, expres\u00f3 la naciente estrella de padres dominicanos, cuyas influencias art\u00edsticas navegan entre el estilo de \u00eddolos como las estrellas brit\u00e1nicas Jessie J y Adele, los norteamericanos Usher y Rihanna, y el puertorrique\u00f1o Luis Fonsi, entre otros.<\/p>\n<p>Johnny posee una voz con matices impresionantes y una presencia en escena capaz de conquistar al p\u00fablico m\u00e1s exigente. Su registro vocal es s\u00f3lido y la fuerza interpretativa que posee lo eleva a un nivel de interpretaci\u00f3n profesional, cualidades que llamaron la atenci\u00f3n de Premium Latin Music, casa discogr\u00e1fica que acaba de firmarlo.<\/p>\n<p>\u00abMe siento privilegiado, muy afortunado. A veces no lo creo, porque pensaba que iba a pasar m\u00e1s tiempo para que alguien se fijar\u00e1 en m\u00ed, pero de verdad que le doy gracias a Dios por esta oportunidad, y a mis padres que siempre me han apoyado\u00bb, dijo. Record\u00f3 que fue a trav\u00e9s del periodista Bol\u00edvar Balc\u00e1cer que se dio la conexi\u00f3n con la disquera, luego de que la madre de Johnny le enviara uno de sus trabajos.<\/p>\n<p>\u00abLe contest\u00f3 y le dijo que me iba a llevar donde Franklin Romero, de ah\u00ed empez\u00f3 todo\u00bb, manifest\u00f3. <\/p>\n<p>Sus versiones de \u00abStay\u00bb y \u00abDiamonds\u00bb, de Rihanna; \u00abSet Fire to the Rain\u00bb, de Adele; \u00abWithout You\u00bb, de Usher, y \u00abLittle Things\u00bb, de One Direction, han alimentado su popularidad en la Internet, mientras arranca con la grabaci\u00f3n de su disco de debut.<\/p>\n<p>En medio de todo lo acontecido en la vida de Johnny, le llega otra rotunda oportunidad: Ha sido elegido para estudiar en el prestigioso Berklee College of Music en Boston, donde recibir\u00e1 clases de diferentes materias musicales, desde voz, hasta producci\u00f3n musical.<br \/>\n\u00abMe gusta escribir, tengo muchas canciones de mi autor\u00eda que formar\u00e1n parte del \u00e1lbum. Es cuesti\u00f3n de unos meses para salir al mercado y que el p\u00fablico disfrute de mi m\u00fasica\u00bb, adelant\u00f3.<\/p>\n<p>Lo que queda por venir, s\u00f3lo el tiempo lo sabr\u00e1&#8230;<\/p>\n<p><b>Discograf\u00eda<\/b><\/p>\n<p>With or Without You (2014)<br \/>\nSolo Quiero (2014)<br \/>\nQuiereme (2014)<br \/>\nJohnny Sky (2015)<\/p>\n","protected":false},"excerpt":{"rendered":"<p>Johnny Sky es un artista completo. Con tan solo 20 a\u00f1os, sus grandes cualidades vocales y su versatilidad art\u00edstico-musical han llamado la atenci\u00f3n de expertos, instituciones acad\u00e9micas especializadas y conocedores del mundo discogr\u00e1fico. Su pasi\u00f3n por la m\u00fasica se puso en evidencia desde muy peque\u00f1o, algo que sus padres, familiares y personas a su alrededor [&hellip;]<\/p>\n","protected":false},"author":1,"featured_media":0,"parent":463,"menu_order":0,"comment_status":"open","ping_status":"open","template":"","meta":{"ngg_post_thumbnail":0,"footnotes":""},"class_list":["post-3048","page","type-page","status-publish","hentry"],"_links":{"self":[{"href":"http:\/\/workshows.com.pe\/web\/wp-json\/wp\/v2\/pages\/3048","targetHints":{"allow":["GET"]}}],"collection":[{"href":"http:\/\/workshows.com.pe\/web\/wp-json\/wp\/v2\/pages"}],"about":[{"href":"http:\/\/workshows.com.pe\/web\/wp-json\/wp\/v2\/types\/page"}],"author":[{"embeddable":true,"href":"http:\/\/workshows.com.pe\/web\/wp-json\/wp\/v2\/users\/1"}],"replies":[{"embeddable":true,"href":"http:\/\/workshows.com.pe\/web\/wp-json\/wp\/v2\/comments?post=3048"}],"version-history":[{"count":2,"href":"http:\/\/workshows.com.pe\/web\/wp-json\/wp\/v2\/pages\/3048\/revisions"}],"predecessor-version":[{"id":3051,"href":"http:\/\/workshows.com.pe\/web\/wp-json\/wp\/v2\/pages\/3048\/revisions\/3051"}],"up":[{"embeddable":true,"href":"http:\/\/workshows.com.pe\/web\/wp-json\/wp\/v2\/pages\/463"}],"wp:attachment":[{"href":"http:\/\/workshows.com.pe\/web\/wp-json\/wp\/v2\/media?parent=3048"}],"curies":[{"name":"wp","href":"https:\/\/api.w.org\/{rel}","templated":true}]}}