{"id":1366,"date":"2015-03-05T23:41:06","date_gmt":"2015-03-06T04:41:06","guid":{"rendered":"http:\/\/workshows.com.pe\/web\/?page_id=1366"},"modified":"2015-03-05T23:42:08","modified_gmt":"2015-03-06T04:42:08","slug":"cultura-profetica","status":"publish","type":"page","link":"http:\/\/workshows.com.pe\/web\/booking\/cultura-profetica\/","title":{"rendered":"Cultura Prof\u00e9tica"},"content":{"rendered":"<p><img loading=\"lazy\" decoding=\"async\" src=\"http:\/\/workshows.com.pe\/web\/wp-content\/uploads\/2015\/02\/booking-cultura-profetica.jpg\" alt=\"booking-cultura-profetica\" width=\"680\" height=\"274\" class=\"alignnone size-full wp-image-1338\" srcset=\"http:\/\/workshows.com.pe\/web\/wp-content\/uploads\/2015\/02\/booking-cultura-profetica.jpg 680w, http:\/\/workshows.com.pe\/web\/wp-content\/uploads\/2015\/02\/booking-cultura-profetica-300x121.jpg 300w\" sizes=\"auto, (max-width: 680px) 100vw, 680px\" \/><\/p>\n<p>Libertad es poseer distintas alternativas para actuar del modo que se prefiera, en el momento que se desee. Por ello la banda puertorrique\u00f1a Cultura Prof\u00e9tica se situa como una de las m\u00e1s libertarias e independientes al mismo tiempo que virtuosas de toda Am\u00e9rica Latina y el Caribe.<\/p>\n<p>Esa elecci\u00f3n de libertad ha tenido prop\u00f3sitos, claro est\u00e1; no ha sido para caer en el anonimato. Hoy d\u00eda Cultura Prof\u00e9tica es aclamada en cada pa\u00eds al que lleva su energ\u00eda y valor musical. Casi dieciseis a\u00f1os (16) han pasado desde que los muchachos rebeldes hac\u00edan de teloneros, ahora ellos revientan escenarios alrededor de la orbe. Son una banda de culto independiente cuya disquera propia La Mafafa Inc., comparte nominaciones y compite con  disqueras de gran envergadura comercial que auspicia artistas como: Juan Luis Guerra, Juanes, Shakira, Camila\u2026<\/p>\n<p>Cultura Prof\u00e9tica es algo m\u00e1s que un banda de reggae r\u00fastico en espa\u00f1ol, es un ingenioso proyecto con una trayectoria s\u00f3lida que consagra 16 a\u00f1os y 7 discos. Sobrepasan el mill\u00f3n de fans en las redes sociales y mantienen un promedio de m\u00e1s de 20 mil visitas diarias. Cada actualizaci\u00f3n en sus fan pages generan miles de comentarios en tan solo minutos.  Los visitantes en Youtube sobrepasan la cifra de millones..<\/p>\n<p>En Puerto Rico han obtenido disco de oro y han cautivado a todas las radioemisoras, incluyendo las de balada, que han revolucionado sus formatos radiales para que su m\u00fasica suene, porque la fanaticada lo ha exigido.<\/p>\n<p>A la hora de catalogarlos se dice que hacen reggae en espa\u00f1ol, otros dicen que pop o fusi\u00f3n; lo cierto es que esto calmar\u00eda las ansias de aquellos que interesen las clasificaciones musciales. Sin embargo, cuando se habla en t\u00e9rminos art\u00edsticos -tomando Arte como el binomio inseparable de talento y preciosismo- las fronteras de g\u00e9neros entorpecen. Porque no est\u00e1n atados a una sola est\u00e9tica ni taxonom\u00edas. Si bien la vasija musical es reggae roots, son naturales los toques arm\u00f3nicos de funk, jazz, hip hop, electr\u00f3nica, ska, la trova, la m\u00fasica de ra\u00edz africana y caribe\u00f1a que les ha generado un sonido muy propio.<\/p>\n<p>El g\u00e9nesis  de Cultura  \u2013 a secas, como prefieren llamarle muchos de sus fans\u2013  se remonta a enero del 1996 cuando Boris Bilbraut (bater\u00eda y voz), amigo de la hermana de Eliut Gonz\u00e1lez (guitarra), se cruzaron y Eliut a su vez llam\u00f3 a Willy Torres (voz principal y bajo), quien (paulatinamente y luego de que la banda tuviera otros integrantes) contact\u00f3 a Omar Silva (guitarra, bajo, arreglos de metales).   Casi diez a\u00f1os despu\u00e9s, Juan Carlos Sulsona (teclados) se sum\u00f3 al n\u00facleo de la banda. El sol caribe\u00f1o escenificaba la vibra playera de aquel verano de \u201896 en que el corillo de la Cultura comenz\u00f3 a tocar en espect\u00e1culos universitarios. Gente bronceadita, dreadlocks, camisetas tie dye, bikinis min\u00fasculos, cervecitas, ganja, sonrisas y abrazos f\u00e1ciles, con esto y poquito m\u00e1s iba tirando Cultura Prof\u00e9tica.<\/p>\n<p>La m\u00edstica maravillosa de Cultura Prof\u00e9tica se hizo patente cuando grabaron su primer \u00e1lbum Canci\u00f3n de Alerta (1998) en los estudios jamaiquinos de Tuff Gong -fundado por Bob Marley en 1965-.  El suceso sacudi\u00f3 a aquellos que los ten\u00edan en la mirilla, pero a los fan\u00e1ticos les parec\u00ed\u00f3 la cosa m\u00e1s normal y consecuente del mundo; los consideraban parte del gran linaje del reggae, entonces \u00bfpor qu\u00e9 no grabar all\u00ed?<\/p>\n<p>Artistas \u00fanicos en su clase. M\u00fasicos de caracter\u00edsticas muy prodigiosas y muy diferentes entre s\u00ed, aunque homogenizados por el mismo sentido y responsabilidad con el arte musical, adem\u00e1s de poseedores de una valiosa y genuina amistad. Son admirados por otros m\u00fasicos, ingenieros de sonido y gente de la industria musical que reconocen el virtuosismo de sus melod\u00edas y el compromiso con la libertad creativa de cada uno de sus miembros.<\/p>\n<p>La m\u00fasica de los a\u00f1os 70 es el marco referencial de la agrupaci\u00f3n. Van hilando fino desde una de las d\u00e9cadas m\u00e1s contestatarias del siglo pasado. Repasan influencias conceptuales de Bob Marley, Steel Pulse, Jimmy Hendrix, The Doors, Herbie Hancock, la Nueva Trova de Silvio Rodr\u00edguez, el modo de cantar de los salseros puertorrique\u00f1os, el tumbao y la cadencia africana.<\/p>\n<p>Su lirismo alude a las \u201cmanifestaciones del alma\u201d \u2013 como suele decirse que son los temas de lo psicod\u00e9lico \u2013. Pero sobre todo gustan por evocar las vivencias propias, las alteraciones de los estados, las experiencias de lo identitatario, la libertad del Ser y el cuestionamiento profundo a las normativas convencionales, entre otros temas.<\/p>\n<p>El premio es la individualidad<\/p>\n<p>La industria musical es un monstruo grande y pisa fuerte, eso lo sabe Cultura Prof\u00e9tica despu\u00e9s haber padecido decepciones y enga\u00f1os por parte de casas disqueras y manejadores. M\u00e1s tarde la vida, ir\u00f3nica como suele ser, se ha encargado de que compartan las nominaciones con disqueras aparatosas. Hoy d\u00eda esa resistencia a la hegemon\u00eda es fluida. Se mezclan con los modelos establecidos si quieren, sino quiren no lo hacen. Dicen de s\u00ed que van medios cola\u2019os al equipararse con grandes empresas musicales, porque no es lo que buscan pero es donde han llegado. Reconocen que su reorganizaci\u00f3n empresarial con La Mafafa Inc. es reciente, a contracorreinte y al mismo tiempo es un est\u00edmulo para artistas independientes.<\/p>\n<p>Est\u00e1n en su mejor momento. Conmemoran 15 a\u00f1os en el auge de su exitosa trayectoria con 7 discos in\u00e9ditos, sobre 20 conciertos completamente vendidos en Puerto Rico y un sin n\u00famero de eventos masivos por el Caribe y Latinoam\u00e9rica, incluyendo el prestigioso estadio argentino Luna Park.<\/p>\n<p>Las consecuencias de decir no a propuestas \u2013 que como filosof\u00eda de la banda est\u00e1n al margen de lo \u00e9tico y aceptable \u2013 les ha hecho el trayecto m\u00e1s lento. No hay prisa pues esa autosuficiencia ha sido gratificante. Cultura Prof\u00e9tica es una banda de culto, algo so\u00f1ado pero inaccesible para la mayor\u00eda de las bandas contempor\u00e1neas, sobre todo de lengua hispana. No van con dobles discursos, son consecuentes y no mienten a su fanaticada. Por eso tampoco es extra\u00f1o que el tema La Complicidad estuviese por 20 semanas en las listas de Billboards y que La Dulzura figurara n\u00famero 1 en las listas de Latino Tropical de iTunes.<\/p>\n<p>Son una banda de conciencia que condenan las pol\u00edticas p\u00fablicas nocivas que atentan contra la ecolog\u00eda medioambiental y sociocultural. Se identifican con las luchas estudiantiles a favor de la educaci\u00f3n superior para todos los sectores de la sociedad.<\/p>\n<p>Boris, Willy, Eliut, Omar y Juanqui son rutilantes. Basta con hacer una b\u00fasqueda r\u00e1pida en la red, leer foros y p\u00e1ginas de fan\u00e1ticos para darse cuenta de que las l\u00edricas pol\u00edticas, el romance a todo tren, la plenitud y seriedad en aspectos sociol\u00f3gicos y ecoambientales son sellos distintivos que el p\u00fablico \u2013 muy  heterog\u00e9neo, por cierto \u2013 aprecia.<\/p>\n<p>Por Dalila Rodr\u00edguez Saavedra<br \/>\nPeriodista aut\u00f3noma y escritora<\/p>\n<p><b>Discograf\u00eda<\/b><\/p>\n<p>Canci\u00f3n de Alerta (1998)<br \/>\nIdeas Nuevas (1999)<br \/>\nCultura Prof\u00e9tica en Vivo (2000)<br \/>\nDiario (2002)<br \/>\nM.O.T.A (2005)<br \/>\nCultura Prof\u00e9tica tributo a la leyenda Bob Marley \u2013 CD &#038; DVD (2007)<br \/>\nLa Dulzura (2010)<br \/>\nCultura Prof\u00e9tica \u2013 15 Aniversario en el Luna Park \u2013 CD &#038; DVD (2012)<\/p>\n","protected":false},"excerpt":{"rendered":"<p>Libertad es poseer distintas alternativas para actuar del modo que se prefiera, en el momento que se desee. Por ello la banda puertorrique\u00f1a Cultura Prof\u00e9tica se situa como una de las m\u00e1s libertarias e independientes al mismo tiempo que virtuosas de toda Am\u00e9rica Latina y el Caribe. Esa elecci\u00f3n de libertad ha tenido prop\u00f3sitos, claro [&hellip;]<\/p>\n","protected":false},"author":1,"featured_media":0,"parent":463,"menu_order":0,"comment_status":"closed","ping_status":"closed","template":"","meta":{"ngg_post_thumbnail":0,"footnotes":""},"class_list":["post-1366","page","type-page","status-publish","hentry"],"_links":{"self":[{"href":"http:\/\/workshows.com.pe\/web\/wp-json\/wp\/v2\/pages\/1366","targetHints":{"allow":["GET"]}}],"collection":[{"href":"http:\/\/workshows.com.pe\/web\/wp-json\/wp\/v2\/pages"}],"about":[{"href":"http:\/\/workshows.com.pe\/web\/wp-json\/wp\/v2\/types\/page"}],"author":[{"embeddable":true,"href":"http:\/\/workshows.com.pe\/web\/wp-json\/wp\/v2\/users\/1"}],"replies":[{"embeddable":true,"href":"http:\/\/workshows.com.pe\/web\/wp-json\/wp\/v2\/comments?post=1366"}],"version-history":[{"count":2,"href":"http:\/\/workshows.com.pe\/web\/wp-json\/wp\/v2\/pages\/1366\/revisions"}],"predecessor-version":[{"id":1368,"href":"http:\/\/workshows.com.pe\/web\/wp-json\/wp\/v2\/pages\/1366\/revisions\/1368"}],"up":[{"embeddable":true,"href":"http:\/\/workshows.com.pe\/web\/wp-json\/wp\/v2\/pages\/463"}],"wp:attachment":[{"href":"http:\/\/workshows.com.pe\/web\/wp-json\/wp\/v2\/media?parent=1366"}],"curies":[{"name":"wp","href":"https:\/\/api.w.org\/{rel}","templated":true}]}}