{"id":1364,"date":"2015-03-05T23:38:36","date_gmt":"2015-03-06T04:38:36","guid":{"rendered":"http:\/\/workshows.com.pe\/web\/?page_id=1364"},"modified":"2015-03-05T23:39:25","modified_gmt":"2015-03-06T04:39:25","slug":"nonpalidece","status":"publish","type":"page","link":"http:\/\/workshows.com.pe\/web\/booking\/nonpalidece\/","title":{"rendered":"Nonpalidece"},"content":{"rendered":"<p><img loading=\"lazy\" decoding=\"async\" src=\"http:\/\/workshows.com.pe\/web\/wp-content\/uploads\/2015\/03\/booking-nonpa.jpg\" alt=\"booking-cultura-profetica\" width=\"680\" height=\"274\" class=\"alignnone size-full wp-image-1338\" \/><\/p>\n<p>A mediados del a\u00f1o \u201896 se forma NONPALIDECE originalmente con N\u00e9stor Ramljak en voz y guitarra, Facundo Cimas en el bajo, Diego Bravo en guitarra y Galo Llorente en bater\u00eda; as\u00ed se funda la idea de experimentar con el reggae otra vez de las fuertes influencias de la escena jamaiquina de la d\u00e9cada del \u201870, con este prop\u00f3sito se van sumando a la banda otros amigos m\u00fasicos. Llevando el sonido hacia un lugar mas cercano del que se hab\u00edan propuesto, sum\u00e1ndose as\u00ed a la insipiente escena Roots local.<\/p>\n<p>Originales de la ciudad de Tigre ,Bs. As., Argentina. NONPALIDECE surge de un lunfardo (slang) con el cual hoy nos seguimos representando, no palidecer es la actitud de un guerrero y as\u00ed nos identificamos con la m\u00fasica. Con una formaci\u00f3n de cuarteto dan ese mismo a\u00f1o su primer concierto tocando temas originales y algunos covers, entusiasmados, generan con la m\u00fasica un lazo, de esta manera y algunos meses mas tarde aparecen Bongo Pato y Leo Rodr\u00edguez en la percusi\u00f3n, Bruno Signaroli en trompeta, Agust\u00edn Azubel en saxo, German Bonilla en bater\u00eda y Mart\u00edn Mortola en teclado.<\/p>\n<p>Transcurre alg\u00fan tiempo dando conciertos junto a otras bandas, algunas piezas se acomodan y llegan a su primer disco \u201cDREAD AL CONTROL\u201d, grabado y editado independientemente en el 2000. Con un sonido aun fresco NONPALIDECE viaja al a\u00f1o siguiente a Costa Rica a participar de un festival que marco a fuego a la banda editando el disco en ese pa\u00eds. Con el master del disco extraviado y no conformes con el sonido NONPALIDECE lo regrabara 3 a\u00f1os mas tarde con el sello \u201cNuevas Versiones\u201d e incluyendo un cover de Culture \u201cbehold\u201d. En el a\u00f1o 2004, NONPALIDECE entra al estudio para grabar su segundo disco, producido por Diego Blanco, el cd se llamo \u201cNUEVO D\u00cdA\u201d y es editado por 4k Record, con 12 canciones originales y dos versiones, este disco permite dar un paso importante a la banda consiguiendo mas difusi\u00f3n y colocando su primer corte \u201cRevoluci\u00f3n\u201d. N\u00famero 1 por varias semanas en una de las emisoras mas importantes de Costa Rica (FM911). De este disco filman un video de \u201cTu Sue\u00f1o\u201d, en un clima distendido y natural afianz\u00e1ndose cada vez mas en la escena local e internacional.<\/p>\n<p>Para fines de ese a\u00f1o se integra a la banda Gustavo Pilatti, guitarrista y compositor el cual hab\u00eda compartido algunos proyectos con N\u00e9stor Ramljak. Con esta formaci\u00f3n definitiva comienzan a fines de 2005 a grabar el tercer disco. En mayo de 2006 es editado por Subterrania discos \u00abHAGAN CORRER LA VOZ\u00bb, producido por NONPALIDECE el disco tiene 13 canciones originales y una versi\u00f3n del tema \u201cDangerman\u201d de Steve Ital \u00abHagan Correr la Voz\u00bb marca en NONPALIDECE la creciente evoluci\u00f3n compositiva y musical propagando el mensaje del Reggae a todo el universo. Tomando el castellano como lazo para unir a todos los pueblos de habla hispana. Reggae en el Universo !<\/p>\n<p>*Extra\u00eddo de www.nonpalidece.com.ar<\/p>\n<p><b>Discograf\u00eda<\/b><\/p>\n<p>Dread al control (2000)<br \/>\nNuevo d\u00eda (2004)<br \/>\nHagan correr la voz (2006)<br \/>\nNonpalidesenchufado (2008)<br \/>\nEl fuego en nosotros (2009)<br \/>\nLiving Memory (en vivo) (2011)<br \/>\nActivistas (2013)<\/p>\n","protected":false},"excerpt":{"rendered":"<p>A mediados del a\u00f1o \u201896 se forma NONPALIDECE originalmente con N\u00e9stor Ramljak en voz y guitarra, Facundo Cimas en el bajo, Diego Bravo en guitarra y Galo Llorente en bater\u00eda; as\u00ed se funda la idea de experimentar con el reggae otra vez de las fuertes influencias de la escena jamaiquina de la d\u00e9cada del \u201870, [&hellip;]<\/p>\n","protected":false},"author":1,"featured_media":0,"parent":463,"menu_order":0,"comment_status":"closed","ping_status":"closed","template":"","meta":{"ngg_post_thumbnail":0,"footnotes":""},"class_list":["post-1364","page","type-page","status-publish","hentry"],"_links":{"self":[{"href":"http:\/\/workshows.com.pe\/web\/wp-json\/wp\/v2\/pages\/1364","targetHints":{"allow":["GET"]}}],"collection":[{"href":"http:\/\/workshows.com.pe\/web\/wp-json\/wp\/v2\/pages"}],"about":[{"href":"http:\/\/workshows.com.pe\/web\/wp-json\/wp\/v2\/types\/page"}],"author":[{"embeddable":true,"href":"http:\/\/workshows.com.pe\/web\/wp-json\/wp\/v2\/users\/1"}],"replies":[{"embeddable":true,"href":"http:\/\/workshows.com.pe\/web\/wp-json\/wp\/v2\/comments?post=1364"}],"version-history":[{"count":1,"href":"http:\/\/workshows.com.pe\/web\/wp-json\/wp\/v2\/pages\/1364\/revisions"}],"predecessor-version":[{"id":1365,"href":"http:\/\/workshows.com.pe\/web\/wp-json\/wp\/v2\/pages\/1364\/revisions\/1365"}],"up":[{"embeddable":true,"href":"http:\/\/workshows.com.pe\/web\/wp-json\/wp\/v2\/pages\/463"}],"wp:attachment":[{"href":"http:\/\/workshows.com.pe\/web\/wp-json\/wp\/v2\/media?parent=1364"}],"curies":[{"name":"wp","href":"https:\/\/api.w.org\/{rel}","templated":true}]}}