{"id":1035,"date":"2015-03-05T14:44:20","date_gmt":"2015-03-05T19:44:20","guid":{"rendered":"http:\/\/workshows.com.pe\/web\/?page_id=1035"},"modified":"2015-05-14T12:15:00","modified_gmt":"2015-05-14T17:15:00","slug":"cesar-millan","status":"publish","type":"page","link":"http:\/\/workshows.com.pe\/web\/fotos\/cesar-millan\/","title":{"rendered":"C\u00e9sar Mill\u00e1n"},"content":{"rendered":"<h2>29 DE SEPTIEMBRE DEL 2013 &#8211; COLESEO EDUARDO DIB\u00d3S <\/h2>\nngg_shortcode_0_placeholder\n","protected":false},"excerpt":{"rendered":"<p>29 DE SEPTIEMBRE DEL 2013 &#8211; COLESEO EDUARDO DIB\u00d3S<\/p>\n","protected":false},"author":1,"featured_media":0,"parent":8,"menu_order":5,"comment_status":"closed","ping_status":"closed","template":"","meta":{"ngg_post_thumbnail":0,"footnotes":""},"class_list":["post-1035","page","type-page","status-publish","hentry"],"_links":{"self":[{"href":"http:\/\/workshows.com.pe\/web\/wp-json\/wp\/v2\/pages\/1035","targetHints":{"allow":["GET"]}}],"collection":[{"href":"http:\/\/workshows.com.pe\/web\/wp-json\/wp\/v2\/pages"}],"about":[{"href":"http:\/\/workshows.com.pe\/web\/wp-json\/wp\/v2\/types\/page"}],"author":[{"embeddable":true,"href":"http:\/\/workshows.com.pe\/web\/wp-json\/wp\/v2\/users\/1"}],"replies":[{"embeddable":true,"href":"http:\/\/workshows.com.pe\/web\/wp-json\/wp\/v2\/comments?post=1035"}],"version-history":[{"count":1,"href":"http:\/\/workshows.com.pe\/web\/wp-json\/wp\/v2\/pages\/1035\/revisions"}],"predecessor-version":[{"id":1036,"href":"http:\/\/workshows.com.pe\/web\/wp-json\/wp\/v2\/pages\/1035\/revisions\/1036"}],"up":[{"embeddable":true,"href":"http:\/\/workshows.com.pe\/web\/wp-json\/wp\/v2\/pages\/8"}],"wp:attachment":[{"href":"http:\/\/workshows.com.pe\/web\/wp-json\/wp\/v2\/media?parent=1035"}],"curies":[{"name":"wp","href":"https:\/\/api.w.org\/{rel}","templated":true}]}}